{"id":8,"date":"2021-04-17T19:17:14","date_gmt":"2021-04-17T17:17:14","guid":{"rendered":"http:\/\/coachingkryzysowy.com\/?page_id=8"},"modified":"2021-04-25T14:02:33","modified_gmt":"2021-04-25T12:02:33","slug":"about","status":"publish","type":"page","link":"http:\/\/coachingkryzysowy.com\/index.php\/about\/","title":{"rendered":"O mnie"},"content":{"rendered":"\n<div style=\"height:100px\" aria-hidden=\"true\" class=\"wp-block-spacer\"><\/div>\n\n\n\n<div class=\"wp-block-columns alignwide is-layout-flex wp-container-core-columns-is-layout-9d6595d7 wp-block-columns-is-layout-flex\">\n<div class=\"wp-block-column is-layout-flow wp-block-column-is-layout-flow\" style=\"flex-basis:100%\">\n<div class=\"wp-block-group alignwide\"><div class=\"wp-block-group__inner-container is-layout-flow wp-block-group-is-layout-flow\">\n<div class=\"wp-block-columns is-style-default is-layout-flex wp-container-core-columns-is-layout-9d6595d7 wp-block-columns-is-layout-flex\">\n<div class=\"wp-block-column is-layout-flow wp-block-column-is-layout-flow\" style=\"flex-basis:33.33%\">\n<figure class=\"wp-block-image size-large\"><img loading=\"lazy\" decoding=\"async\" width=\"738\" height=\"1024\" src=\"http:\/\/coachingkryzysowy.com\/wp-content\/uploads\/2021\/04\/1618681388366-738x1024.jpg\" alt=\"\" class=\"wp-image-36\"\/><figcaption>Aneta Polak-Myszka<\/figcaption><\/figure>\n<\/div>\n\n\n\n<div class=\"wp-block-column is-layout-flow wp-block-column-is-layout-flow\" style=\"flex-basis:66.66%\">\n<p><strong>Kim jestem?<\/strong><\/p>\n\n\n\n<p>Specjalistk\u0105 od kryzysu. My\u015bl\u0119, \u017ce tak mo\u017cna by mnie opisa\u0107 najkr\u00f3cej. Co dok\u0142adnie mam na my\u015bli? Mam ich wiele na swoim koncie. Mo\u017ce w\u0142a\u015bnie dlatego zacz\u0119\u0142am zajmowa\u0107 si\u0119 coachingiem i kryzysem zawodowo.<\/p>\n\n\n\n<p><strong>Ale po kolei.<\/strong><\/p>\n\n\n\n<p>Przez du\u017c\u0105 cz\u0119\u015b\u0107 swojego \u017cycia by\u0142am dziennikark\u0105, redaktork\u0105, korektork\u0105. Przez osiem lat wydawa\u0142am w\u0142asne czasopismo. W pewnym momencie zrozumia\u0142am, \u017ce wci\u0105\u017c id\u0119 pod pr\u0105d, \u017ce mimo up\u0142ywu lat nie odnalaz\u0142am swojego miejsca, swojej roli, a m\u00f3wi\u0105c g\u00f3rnolotnie powo\u0142ania.<\/p>\n\n\n\n<p>Zastanawia\u0142am si\u0119, co powinnam zrobi\u0107 ze swoim \u017cyciem, by m\u00f3c powiedzie\u0107, \u017ce jest mi dobrze, \u017ce odczuwam dobrostan. Wtedy zacz\u0119\u0142am interesowa\u0107 si\u0119&nbsp;coachingiem. Uko\u0144czy\u0142am studia podyplomowe na SGH (kt\u00f3re zdecydowanie polecam), odby\u0142am dodatkowo wiele szkole\u0144 w zakresie coachingu, coachingu kryzysowego, facylitacji, agile, mentoringu finansowego. Dzi\u015b wiem, \u017ce to by\u0142a najlepsza i jedna z najwa\u017cniejszych decyzji w moim \u017cyciu.<\/p>\n\n\n\n<p>Mam na swoim koncie 150 godzin life coachingu oraz coachingu biznesowego i kryzysowego. Prowadz\u0119 w jednej z korporacji ubezpieczeniowych autorskie warsztaty w zakresie zarz\u0105dzania czasem, pracy z trudnym klientem, ale tak\u017ce motywacyjne. Na sta\u0142e wsp\u00f3\u0142pracuj\u0119 z trzydziestoosobowym zespo\u0142em w zakresie coachingu i rozwoju osobistego. Ka\u017cdego dnia obserwuj\u0119, jak moi coachee pokonuj\u0105 kolejne przeszkody, buduj\u0105 poczucie w\u0142asnej warto\u015bci, staj\u0105 si\u0119 coraz bardziej kreatywni i zaanga\u017cowani nie tylko w pracy, ale przede wszystkim w \u017cyciu \u2013 odkrywaj\u0105 siebie, swoje potrzeby, oczekiwania i cele.<\/p>\n\n\n\n<p>Czy life coaching, coaching kryzysowy dzia\u0142aj\u0105? Tak, moim zdaniem to jedne z najbardziej efektywnych metod pomagaj\u0105cych w realizacji celu, odnalezieniu siebie.<\/p>\n\n\n\n<p>Czy coaching jest odpowiedni\u0105 metod\u0105 pracy z osobami w kryzysie? Zdecydowanie tak, pod warunkiem, \u017ce potrafisz oceni\u0107, zdiagnozowa\u0107 g\u0142\u0119boko\u015b\u0107 kryzysu, bowiem kryzys ci\u0119\u017cki wymaga interwencji terapeuty, psychotraumatologa lub psychiatry a w skrajnych przypadkach interwenta kryzysowego.<\/p>\n\n\n\n<p><strong>Kim s\u0105 moi klienci? Z kim pracuj\u0119?<\/strong><\/p>\n\n\n\n<p>Obszary mojej pracy:<\/p>\n\n\n\n<p>&#8211; Rozw\u00f3d \/ trudno\u015bci w zwi\u0105zku<\/p>\n\n\n\n<p>&#8211; Prze\u0142om po\u0142owy \u017cycia \u2013 jak zaczyna\u0107 na nowo po 40<\/p>\n\n\n\n<p>&#8211; Wypalenie zawodowe<\/p>\n\n\n\n<p>&#8211; Utrata pracy \/ bezrobocie<\/p>\n\n\n\n<p>&#8211; Powr\u00f3t na rynek pracy po d\u0142ugiej chorobie, urlopie macierzy\u0144skim<\/p>\n\n\n\n<p>&#8211; Bezp\u0142odno\u015b\u0107<\/p>\n\n\n\n<p>&#8211; Coaching biznesowy:<\/p>\n\n\n\n<p>&#8211; projekt mened\u017cer jako coach<\/p>\n\n\n\n<p>&#8211; praca z mened\u017cerkami odczuwaj\u0105cymi wypalenie zawodowe, nieradz\u0105cymi sobie ze stresem i codzienn\u0105 presj\u0105<\/p>\n\n\n\n<p><strong>Po co powsta\u0142a strona coachingkryzysowy.com?<\/strong><\/p>\n\n\n\n<p>By dzieli\u0107 si\u0119 z Wami wiedz\u0105, do\u015bwiadczeniem, ale tak\u017ce sprawdzonymi metodami i narz\u0119dziami pomagaj\u0105cymi w wyj\u015bciu z kryzysu. By pokaza\u0107, \u017ce najwspanialsze jest to, i\u017c kryzys mo\u017ce by\u0107 pocz\u0105tkiem nowego, lepszego \u017cycia, mo\u017ce by\u0107 trampolin\u0105 do sukcesu. Cho\u0107 wywraca cz\u0119sto nasz \u015bwiat, \u017cycie do g\u00f3ry nogami, to, je\u015bli zostanie w\u0142a\u015bciwie przepracowany, b\u0119dzie bod\u017acem do zbudowania w\u0142asnego lepszego \u015bwiata, w\u0142asnego pe\u0142niejszego, bardziej satysfakcjonuj\u0105cego \u017cycia.<\/p>\n\n\n\n<p>Je\u015bli potrzebujesz pomocy, wsparcia, chcesz budowa\u0107 na nowo swoje \u017cycie osobiste lub zawodowe, zapraszam do kontaktu.<\/p>\n<\/div>\n<\/div>\n<\/div><\/div>\n<\/div>\n<\/div>\n","protected":false},"excerpt":{"rendered":"<p>Kim jestem? Specjalistk\u0105 od kryzysu. My\u015bl\u0119, \u017ce tak mo\u017cna by mnie opisa\u0107 najkr\u00f3cej. Co dok\u0142adnie mam na my\u015bli? Mam ich wiele na swoim koncie. Mo\u017ce w\u0142a\u015bnie dlatego zacz\u0119\u0142am zajmowa\u0107 si\u0119 coachingiem i kryzysem zawodowo. Ale po kolei. Przez du\u017c\u0105 cz\u0119\u015b\u0107 swojego \u017cycia by\u0142am dziennikark\u0105, redaktork\u0105, korektork\u0105. Przez osiem lat wydawa\u0142am w\u0142asne czasopismo. W pewnym momencie&hellip;&nbsp;<a href=\"http:\/\/coachingkryzysowy.com\/index.php\/about\/\" class=\"\" rel=\"bookmark\">Czytaj wi\u0119cej &raquo;<span class=\"screen-reader-text\">O mnie<\/span><\/a><\/p>\n","protected":false},"author":1,"featured_media":0,"parent":0,"menu_order":0,"comment_status":"closed","ping_status":"closed","template":"","meta":{"neve_meta_sidebar":"","neve_meta_container":"","neve_meta_enable_content_width":"on","neve_meta_content_width":100,"neve_meta_title_alignment":"","neve_meta_author_avatar":"","neve_post_elements_order":"","neve_meta_disable_header":"","neve_meta_disable_footer":"","neve_meta_disable_title":"on","_ti_tpc_template_sync":false,"_ti_tpc_template_id":"","footnotes":""},"class_list":["post-8","page","type-page","status-publish","hentry"],"_links":{"self":[{"href":"http:\/\/coachingkryzysowy.com\/index.php\/wp-json\/wp\/v2\/pages\/8","targetHints":{"allow":["GET"]}}],"collection":[{"href":"http:\/\/coachingkryzysowy.com\/index.php\/wp-json\/wp\/v2\/pages"}],"about":[{"href":"http:\/\/coachingkryzysowy.com\/index.php\/wp-json\/wp\/v2\/types\/page"}],"author":[{"embeddable":true,"href":"http:\/\/coachingkryzysowy.com\/index.php\/wp-json\/wp\/v2\/users\/1"}],"replies":[{"embeddable":true,"href":"http:\/\/coachingkryzysowy.com\/index.php\/wp-json\/wp\/v2\/comments?post=8"}],"version-history":[{"count":46,"href":"http:\/\/coachingkryzysowy.com\/index.php\/wp-json\/wp\/v2\/pages\/8\/revisions"}],"predecessor-version":[{"id":324,"href":"http:\/\/coachingkryzysowy.com\/index.php\/wp-json\/wp\/v2\/pages\/8\/revisions\/324"}],"wp:attachment":[{"href":"http:\/\/coachingkryzysowy.com\/index.php\/wp-json\/wp\/v2\/media?parent=8"}],"curies":[{"name":"wp","href":"https:\/\/api.w.org\/{rel}","templated":true}]}}